{"id":123,"date":"2011-01-05T17:36:49","date_gmt":"2011-01-05T16:36:49","guid":{"rendered":"http:\/\/www.lamediatheque-jeumont.fr\/?page_id=123"},"modified":"2025-08-31T12:07:45","modified_gmt":"2025-08-31T10:07:45","slug":"contact","status":"publish","type":"page","link":"https:\/\/www.lamediatheque-jeumont.fr\/?page_id=123","title":{"rendered":"Contact Jeumont"},"content":{"rendered":"<p style=\"text-align: left;\"><span style=\"color: #ff0000;\">\u25a0<\/span><strong> M\u00e9diath\u00e8que de Jeumont<\/strong><br \/>\nRue de la Gare<br \/>\n59460 JEUMONT<\/p>\n<h2><span style=\"color: #ff0000;\"><strong>T\u00e9l. : 03.27.58.13.54<br \/>\n<\/strong><\/span><\/h2>\n<p><span style=\"color: #ff0000;\">\u25a0<\/span> <span style=\"color: #ff0000;\"><strong><span style=\"color: #000000;\">Horaires d&rsquo;ouverture :<\/span><br \/>\n<\/strong><span style=\"color: #000000;\">\u2022 mardi et jeudi de 14 heures \u00e0 18 heures<\/span><br \/>\n<span style=\"color: #000000;\">\u2022 mercredi de 10 heures \u00e0 12 heures et de 14 heures \u00e0 19 heures<\/span><br \/>\n<span style=\"color: #000000;\">\u2022 vendredi de 12 heures \u00e0 17 heures<\/span><br \/>\n<span style=\"color: #000000;\">\u2022 samedi de 10 heures \u00e0 12 heures et de 14 heures \u00e0 17 heures<\/span><\/span><\/p>\n<p><!--\n<span style=\"color: #ff0000;\">\u25a0<\/span> <span style=\"color: #ff0000;\"><strong><span style=\"color: #000000;\">Horaires d'ouverture \u00e9t\u00e9 (\u00e0 compter du 8 juillet au 30 ao\u00fbt 2025 inclus) :<\/span>\n<\/strong><span style=\"color: #000000;\">\u2022 mardi, mercredi, jeudi de 14 heures \u00e0 18 heures<\/span>\n<span style=\"color: #000000;\">\u2022 vendredi, samedi de 14 heures \u00e0 17 heures<\/span><\/span>\n--><br \/>\n<span style=\"color: #ff0000;\"><span style=\"color: #000000;\"><span style=\"color: #ff0000;\"><em>(double-cliquez sur la carte pour zoomer)<\/em><\/span><br \/>\n<\/span><\/span><br \/>\n&nbsp;<br \/>\n<iframe loading=\"lazy\" style=\"border: 1px solid black;\" src=\"https:\/\/www.openstreetmap.org\/export\/embed.html?bbox=4.0852296352386475%2C50.294226454026436%2C4.0942418575286865%2C50.299167979668766&amp;layer=mapnik&amp;marker=50.29669728100808%2C4.089735746383667\" width=\"425\" height=\"350\" frameborder=\"1\" marginwidth=\"0\" marginheight=\"0\" scrolling=\"no\"><\/iframe><br \/>\n<small><a href=\"https:\/\/www.openstreetmap.org\/?mlat=50.29670&amp;mlon=4.08974#map=17\/50.29670\/4.08974\">Afficher une carte plus grande<\/a><\/small><\/p>\n<p style=\"text-align: left;\"><span style=\"color: #ff0000;\"><span style=\"color: #ff6600;\">\u25a0<\/span> <span style=\"color: #000000;\"><strong>site de la M\u00e9diath\u00e8que <\/strong>(catalogue + r\u00e9servations livres\/cd\/dvd) :<\/span><\/span><br \/>\n<a href=\"https:\/\/www.mediatheque-jeumont.fr\/\">https:\/\/www.mediatheque-jeumont.fr<\/a><\/p>\n<p style=\"text-align: left;\"><span style=\"color: #ff0000;\"><span style=\"color: #800080;\">\u25a0<\/span> <span style=\"color: #000000;\"><strong>blog de la M\u00e9diath\u00e8que <\/strong>:<\/span><\/span><br \/>\n<a href=\"https:\/\/www.lamediatheque-jeumont.fr\" target=\"_blank\" rel=\"noopener noreferrer\">https:\/\/www.lamediatheque-jeumont.fr<\/a><\/p>\n<p style=\"text-align: left;\"><span style=\"color: #ff0000;\"><span style=\"color: #ff6600;\">\u25a0<\/span> <span style=\"color: #000000;\"><strong>site de la F\u00eate de la BD <\/strong><\/span><\/span><br \/>\n<a href=\"https:\/\/www.bd-jeumont.fr\/\">https:\/\/www.bd-jeumont.fr<\/a><\/p>\n<p style=\"text-align: left;\"><span style=\"color: #99cc00;\">\u25a0<\/span> <strong>site de la Ville de Jeumont<\/strong><br \/>\n<a href=\"https:\/\/www.mairie-jeumont.fr\/\">https:\/\/www.mairie-jeumont.fr\/<\/a><\/p>\n<p style=\"text-align: left;\"><span style=\"color: #ff6600;\">\u25a0<\/span> <strong>site du Watissart<\/strong><br \/>\n<a href=\"https:\/\/www.watissart.com\/\">https:\/\/www.watissart.com\/<\/a><\/p>\n","protected":false},"excerpt":{"rendered":"<p>\u25a0 M\u00e9diath\u00e8que de Jeumont<br \/>\nRue de la Gare<br \/>\n59460 JEUMONT<br \/>\nT\u00e9l. : 03.27.58.13.54<\/p>\n<p>\u25a0 Horaires d&rsquo;ouverture :<br \/>\n\u2022 mardi et jeudi de 14 heures \u00e0 18 heures<br \/>\n\u2022 mercredi de 10 heures \u00e0 12 heures et de 14 heures \u00e0 19 heures<br \/>\n\u2022 vendredi de 12 heures \u00e0 17 heures<br \/>\n\u2022 samedi de 10 heures \u00e0 12 heures et de 14 heures \u00e0 [&#8230;]<\/p>\n","protected":false},"author":1,"featured_media":0,"parent":0,"menu_order":5,"comment_status":"closed","ping_status":"open","template":"","meta":{"ngg_post_thumbnail":0,"footnotes":""},"class_list":["post-123","page","type-page","status-publish","hentry"],"publishpress_future_action":{"enabled":false,"date":"2026-05-04 16:06:14","action":"change-status","newStatus":"draft","terms":[],"taxonomy":"","extraData":[]},"publishpress_future_workflow_manual_trigger":{"enabledWorkflows":[]},"_links":{"self":[{"href":"https:\/\/www.lamediatheque-jeumont.fr\/index.php?rest_route=\/wp\/v2\/pages\/123","targetHints":{"allow":["GET"]}}],"collection":[{"href":"https:\/\/www.lamediatheque-jeumont.fr\/index.php?rest_route=\/wp\/v2\/pages"}],"about":[{"href":"https:\/\/www.lamediatheque-jeumont.fr\/index.php?rest_route=\/wp\/v2\/types\/page"}],"author":[{"embeddable":true,"href":"https:\/\/www.lamediatheque-jeumont.fr\/index.php?rest_route=\/wp\/v2\/users\/1"}],"replies":[{"embeddable":true,"href":"https:\/\/www.lamediatheque-jeumont.fr\/index.php?rest_route=%2Fwp%2Fv2%2Fcomments&post=123"}],"version-history":[{"count":159,"href":"https:\/\/www.lamediatheque-jeumont.fr\/index.php?rest_route=\/wp\/v2\/pages\/123\/revisions"}],"predecessor-version":[{"id":17921,"href":"https:\/\/www.lamediatheque-jeumont.fr\/index.php?rest_route=\/wp\/v2\/pages\/123\/revisions\/17921"}],"wp:attachment":[{"href":"https:\/\/www.lamediatheque-jeumont.fr\/index.php?rest_route=%2Fwp%2Fv2%2Fmedia&parent=123"}],"curies":[{"name":"wp","href":"https:\/\/api.w.org\/{rel}","templated":true}]}}