{"id":11597,"date":"2021-09-10T13:22:41","date_gmt":"2021-09-10T11:22:41","guid":{"rendered":"http:\/\/www.lamediatheque-jeumont.fr\/?page_id=11597"},"modified":"2026-03-21T13:23:58","modified_gmt":"2026-03-21T12:23:58","slug":"mentions-legales","status":"publish","type":"page","link":"https:\/\/www.lamediatheque-jeumont.fr\/?page_id=11597","title":{"rendered":"Mentions  l\u00e9gales"},"content":{"rendered":"<h2><span style=\"color: #993300;\"><strong>Propri\u00e9t\u00e9 du site<\/strong><\/span><\/h2>\n<p>Le pr\u00e9sent site est la propri\u00e9t\u00e9 de la commune de Jeumont repr\u00e9sent\u00e9e par son maire <strong>Benjamin SAINT-HUILE<\/strong>.<br \/>\nMairie de Jeumont<br \/>\nBoulevard de Lessines<br \/>\nBP 159<br \/>\n59460 Jeumont<br \/>\nT\u00e9l: +33(0)3 27 39 50 55<br \/>\nFax: +33(0)3 27 39 58 05<\/p>\n<p>L\u2019adresse de notre site Web est : <a href=\"http:\/\/www.lamediatheque-jeumont.fr\">http:\/\/www.lamediatheque-jeumont.fr<\/a>.<\/p>\n<h2><span style=\"color: #993300;\"><strong>Responsabilit\u00e9 \u00e9ditoriale<\/strong><\/span><\/h2>\n<p>Le directeur de la publication est Benjamin SAINT-HUILE en sa qualit\u00e9 de maire de la commune de Jeumont.<\/p>\n<h2><span style=\"color: #993300;\"><strong>H\u00e9bergement du site<\/strong><\/span><\/h2>\n<p>OVHcloud<br \/>\nSAS au capital de 10 069 020 \u20ac<br \/>\nRCS Lille M\u00e9tropole 424 761 419 00045<br \/>\nCode APE 2620Z<br \/>\nN\u00b0 TVA : FR 22 424 761 419<br \/>\nSi\u00e8ge social : 2 rue Kellermann &#8211; 59100 Roubaix &#8211; France<\/p>\n<h2><span style=\"color: #993300;\"><strong>Politique retenue en mati\u00e8re de liens hypertextes<\/strong><\/span><\/h2>\n<p style=\"text-align: justify;\">Le site internet contient des liens hypertextes pointant vers d\u2019autres sites internet sur lesquels la commune n\u2019exerce aucun contr\u00f4le. La commune d\u00e9cline toute responsabilit\u00e9 quant au contenu de ces sites et des mises \u00e0 jour qui pourraient leur \u00eatre apport\u00e9es.<br \/>\nLa commune autorise la mise en place d\u2019un lien hypertexte pointant vers la page d\u2019accueil du site internet sans autorisation pr\u00e9alable. Pour autant, la commune se r\u00e9serve la possibilit\u00e9 de faire supprimer un lien hypertexte pointant vers son site \u00e0 tout moment.<\/p>\n<h2><span style=\"color: #993300;\"><strong>Commentaires<\/strong><\/span><\/h2>\n<p>Par d\u00e9faut, les commentaires sont ferm\u00e9s.<\/p>\n<h2><span style=\"color: #993300;\"><strong>Contenu embarqu\u00e9 depuis d\u2019autres sites<\/strong><\/span><\/h2>\n<p style=\"text-align: justify;\">Les articles de ce site peuvent inclure des contenus int\u00e9gr\u00e9s (par exemple des vid\u00e9os, images, articles\u2026). Le contenu int\u00e9gr\u00e9 depuis d\u2019autres sites se comporte de la m\u00eame mani\u00e8re que si le visiteur se rendait sur cet autre site.<br \/>\nCes sites web pourraient collecter des donn\u00e9es sur vous, utiliser des cookies, embarquer des outils de suivis tiers, suivre vos interactions avec ces contenus embarqu\u00e9s si vous disposez d\u2019un compte connect\u00e9 sur leur site web.<\/p>\n<p><!--\n\n\n<h2><span style=\"color: #993300;\"><strong>Statistiques et mesures d\u2019audience<\/strong><\/span><\/h2>\n\n\n--><\/p>\n<h2><span style=\"color: #993300;\"><strong>Informations de contact<\/strong><\/span><\/h2>\n<p>M\u00e9diath\u00e8que de JEUMONT<br \/>\n219 rue de la Gare<br \/>\n59460 JEUMONT<br \/>\nT\u00e9l. : 03.27.58.13.54.<br \/>\nMail : mediatheque@mairie-jeumont.fr<\/p>\n","protected":false},"excerpt":{"rendered":"<p>Propri\u00e9t\u00e9 du site<br \/>\nLe pr\u00e9sent site est la propri\u00e9t\u00e9 de la commune de Jeumont repr\u00e9sent\u00e9e par son maire Benjamin SAINT-HUILE.<br \/>\nMairie de Jeumont<br \/>\nBoulevard de Lessines<br \/>\nBP 159<br \/>\n59460 Jeumont<br \/>\nT\u00e9l: +33(0)3 27 39 50 55<br \/>\nFax: +33(0)3 27 39 58 05<br \/>\nL\u2019adresse de notre site Web est : http:\/\/www.lamediatheque-jeumont.fr.<br \/>\nResponsabilit\u00e9 \u00e9ditoriale<br \/>\nLe directeur de la publication est Benjamin SAINT-HUILE en sa qualit\u00e9 de maire [&#8230;]<\/p>\n","protected":false},"author":1,"featured_media":0,"parent":0,"menu_order":50,"comment_status":"closed","ping_status":"closed","template":"","meta":{"ngg_post_thumbnail":0,"footnotes":""},"class_list":["post-11597","page","type-page","status-publish","hentry"],"publishpress_future_action":{"enabled":false,"date":"2026-05-04 16:05:04","action":"change-status","newStatus":"draft","terms":[],"taxonomy":"","extraData":[]},"publishpress_future_workflow_manual_trigger":{"enabledWorkflows":[]},"_links":{"self":[{"href":"https:\/\/www.lamediatheque-jeumont.fr\/index.php?rest_route=\/wp\/v2\/pages\/11597","targetHints":{"allow":["GET"]}}],"collection":[{"href":"https:\/\/www.lamediatheque-jeumont.fr\/index.php?rest_route=\/wp\/v2\/pages"}],"about":[{"href":"https:\/\/www.lamediatheque-jeumont.fr\/index.php?rest_route=\/wp\/v2\/types\/page"}],"author":[{"embeddable":true,"href":"https:\/\/www.lamediatheque-jeumont.fr\/index.php?rest_route=\/wp\/v2\/users\/1"}],"replies":[{"embeddable":true,"href":"https:\/\/www.lamediatheque-jeumont.fr\/index.php?rest_route=%2Fwp%2Fv2%2Fcomments&post=11597"}],"version-history":[{"count":24,"href":"https:\/\/www.lamediatheque-jeumont.fr\/index.php?rest_route=\/wp\/v2\/pages\/11597\/revisions"}],"predecessor-version":[{"id":18269,"href":"https:\/\/www.lamediatheque-jeumont.fr\/index.php?rest_route=\/wp\/v2\/pages\/11597\/revisions\/18269"}],"wp:attachment":[{"href":"https:\/\/www.lamediatheque-jeumont.fr\/index.php?rest_route=%2Fwp%2Fv2%2Fmedia&parent=11597"}],"curies":[{"name":"wp","href":"https:\/\/api.w.org\/{rel}","templated":true}]}}